{"id":30,"date":"2024-11-25T08:36:46","date_gmt":"2024-11-25T08:36:46","guid":{"rendered":"https:\/\/physio-im-freiraum.de\/?page_id=30"},"modified":"2025-07-17T08:06:15","modified_gmt":"2025-07-17T08:06:15","slug":"__trashed-2","status":"publish","type":"page","link":"https:\/\/physio-im-freiraum.de\/","title":{"rendered":"\u00dcber uns"},"content":{"rendered":"\r\n<p><strong>Herzlich willkommen.<\/strong><\/p>\r\n<p>Unsere Praxis f\u00fcr Physiotherapie befindet sich im Herzen von Sch\u00f6nwald. <br \/>Wir stehen f\u00fcr famili\u00e4ren Umgang, qualitativ hochwertige Arbeit, bestm\u00f6gliche Ergebnisse und die Verbindung aus alt und neu.<br \/><br \/><br \/>Seit dem 01.10.24 sind die altbekannten Praxisr\u00e4ume modernisiert unter dem Namen Physio im Freiraum f\u00fcr sie ge\u00f6ffnet<\/p>\r\n<p><img loading=\"lazy\" decoding=\"async\" class=\"alignnone size-full wp-image-262\" src=\"https:\/\/physio-im-freiraum.de\/wp-content\/uploads\/2025\/07\/1000031803-scaled.jpg\" alt=\"\" width=\"2560\" height=\"1920\" srcset=\"https:\/\/physio-im-freiraum.de\/wp-content\/uploads\/2025\/07\/1000031803-scaled.jpg 2560w, https:\/\/physio-im-freiraum.de\/wp-content\/uploads\/2025\/07\/1000031803-300x225.jpg 300w, https:\/\/physio-im-freiraum.de\/wp-content\/uploads\/2025\/07\/1000031803-1024x768.jpg 1024w, https:\/\/physio-im-freiraum.de\/wp-content\/uploads\/2025\/07\/1000031803-768x576.jpg 768w, https:\/\/physio-im-freiraum.de\/wp-content\/uploads\/2025\/07\/1000031803-1536x1152.jpg 1536w, https:\/\/physio-im-freiraum.de\/wp-content\/uploads\/2025\/07\/1000031803-2048x1536.jpg 2048w, https:\/\/physio-im-freiraum.de\/wp-content\/uploads\/2025\/07\/1000031803-1200x900.jpg 1200w, https:\/\/physio-im-freiraum.de\/wp-content\/uploads\/2025\/07\/1000031803-1980x1485.jpg 1980w\" sizes=\"auto, (max-width: 2560px) 100vw, 2560px\" \/><\/p>\r\n<p><strong>\u00d6ffnungszeiten:<\/strong><\/p>\r\n<p>Montag &#8211; Donnerstag: 08:00-18:00 Uhr<br \/>Freitags: 08:00-14:00 Uhr<\/p>\r\n<p>und zus\u00e4tzlich nach Vereinbarung<\/p>\r\n<p>Fon: 09287 5726<br \/>Mail: <a href=\"mailto:info@physio-im-freiraum.de\">info@physio-im-freiraum.de<\/a><\/p>\r\n<p><img loading=\"lazy\" decoding=\"async\" class=\"alignnone size-full wp-image-263\" src=\"https:\/\/physio-im-freiraum.de\/wp-content\/uploads\/2025\/07\/1000031805-scaled.jpg\" alt=\"\" width=\"1920\" height=\"2560\" srcset=\"https:\/\/physio-im-freiraum.de\/wp-content\/uploads\/2025\/07\/1000031805-scaled.jpg 1920w, https:\/\/physio-im-freiraum.de\/wp-content\/uploads\/2025\/07\/1000031805-225x300.jpg 225w, https:\/\/physio-im-freiraum.de\/wp-content\/uploads\/2025\/07\/1000031805-768x1024.jpg 768w, https:\/\/physio-im-freiraum.de\/wp-content\/uploads\/2025\/07\/1000031805-1152x1536.jpg 1152w, https:\/\/physio-im-freiraum.de\/wp-content\/uploads\/2025\/07\/1000031805-1536x2048.jpg 1536w, https:\/\/physio-im-freiraum.de\/wp-content\/uploads\/2025\/07\/1000031805-1200x1600.jpg 1200w, https:\/\/physio-im-freiraum.de\/wp-content\/uploads\/2025\/07\/1000031805-1980x2640.jpg 1980w\" sizes=\"auto, (max-width: 1920px) 100vw, 1920px\" \/><\/p>\r\n<p>&nbsp;<\/p>\r\n<p><strong>Leistungen<\/strong><\/p>\r\n<p>wir bieten ein breites Behandlungsspektrum f\u00fcr gesetzlich Krankenversichterte, Privatversichterte, sowie Selbstzahler:<\/p>\r\n<p><img loading=\"lazy\" decoding=\"async\" class=\"alignnone size-full wp-image-264\" src=\"https:\/\/physio-im-freiraum.de\/wp-content\/uploads\/2025\/07\/1000031804-scaled.jpg\" alt=\"\" width=\"1920\" height=\"2560\" srcset=\"https:\/\/physio-im-freiraum.de\/wp-content\/uploads\/2025\/07\/1000031804-scaled.jpg 1920w, https:\/\/physio-im-freiraum.de\/wp-content\/uploads\/2025\/07\/1000031804-225x300.jpg 225w, https:\/\/physio-im-freiraum.de\/wp-content\/uploads\/2025\/07\/1000031804-768x1024.jpg 768w, https:\/\/physio-im-freiraum.de\/wp-content\/uploads\/2025\/07\/1000031804-1152x1536.jpg 1152w, https:\/\/physio-im-freiraum.de\/wp-content\/uploads\/2025\/07\/1000031804-1536x2048.jpg 1536w, https:\/\/physio-im-freiraum.de\/wp-content\/uploads\/2025\/07\/1000031804-1200x1600.jpg 1200w, https:\/\/physio-im-freiraum.de\/wp-content\/uploads\/2025\/07\/1000031804-1980x2640.jpg 1980w\" sizes=\"auto, (max-width: 1920px) 100vw, 1920px\" \/><\/p>\r\n<p>&#8211; Krankengymnastik<\/p>\r\n<p>&#8211; Manuelle Lymphdrainage<\/p>\r\n<p>&#8211; Manuelle Therapie<\/p>\r\n<p><img loading=\"lazy\" decoding=\"async\" class=\"alignnone wp-image-197 size-full\" src=\"https:\/\/physio-im-freiraum.de\/wp-content\/uploads\/2025\/04\/1000030784-scaled-e1746002524903.jpg\" alt=\"\" width=\"1442\" height=\"1660\" srcset=\"https:\/\/physio-im-freiraum.de\/wp-content\/uploads\/2025\/04\/1000030784-scaled-e1746002524903.jpg 1442w, https:\/\/physio-im-freiraum.de\/wp-content\/uploads\/2025\/04\/1000030784-scaled-e1746002524903-261x300.jpg 261w, https:\/\/physio-im-freiraum.de\/wp-content\/uploads\/2025\/04\/1000030784-scaled-e1746002524903-890x1024.jpg 890w, https:\/\/physio-im-freiraum.de\/wp-content\/uploads\/2025\/04\/1000030784-scaled-e1746002524903-768x884.jpg 768w, https:\/\/physio-im-freiraum.de\/wp-content\/uploads\/2025\/04\/1000030784-scaled-e1746002524903-1334x1536.jpg 1334w, https:\/\/physio-im-freiraum.de\/wp-content\/uploads\/2025\/04\/1000030784-scaled-e1746002524903-1200x1381.jpg 1200w\" sizes=\"auto, (max-width: 1442px) 100vw, 1442px\" \/><\/p>\r\n<p>&#8211; Massagen<\/p>\r\n<p>&#8211; KG-ZNS nach PNF<\/p>\r\n<p>&#8211; Kiefergelenksbehandlung (CMD)<\/p>\r\n<p>&#8211; Schroth-Therapie<\/p>\r\n<p>&#8211; Elektrotherapie<\/p>\r\n<p>&#8211; Fango\/Hei\u00dfluft<\/p>\r\n<p>&#8211; funktionelles Tape<\/p>\r\n<p>&#8211; kinesiologisches Tape<\/p>\r\n<p>&#8211; Schmerztherapie mit dem APM-Stift<\/p>\r\n<p>&#8211; Atlas Therapie<\/p>\r\n<p>&#8211; Flossing<\/p>\r\n<p>&#8211; Triggerpunktbehandlung<\/p>\r\n<p><img loading=\"lazy\" decoding=\"async\" class=\"alignnone wp-image-192 size-full\" src=\"https:\/\/physio-im-freiraum.de\/wp-content\/uploads\/2025\/04\/1000031324-scaled-e1746002587563.jpg\" alt=\"\" width=\"1442\" height=\"1562\" srcset=\"https:\/\/physio-im-freiraum.de\/wp-content\/uploads\/2025\/04\/1000031324-scaled-e1746002587563.jpg 1442w, https:\/\/physio-im-freiraum.de\/wp-content\/uploads\/2025\/04\/1000031324-scaled-e1746002587563-277x300.jpg 277w, https:\/\/physio-im-freiraum.de\/wp-content\/uploads\/2025\/04\/1000031324-scaled-e1746002587563-945x1024.jpg 945w, https:\/\/physio-im-freiraum.de\/wp-content\/uploads\/2025\/04\/1000031324-scaled-e1746002587563-768x832.jpg 768w, https:\/\/physio-im-freiraum.de\/wp-content\/uploads\/2025\/04\/1000031324-scaled-e1746002587563-1418x1536.jpg 1418w, https:\/\/physio-im-freiraum.de\/wp-content\/uploads\/2025\/04\/1000031324-scaled-e1746002587563-1200x1300.jpg 1200w\" sizes=\"auto, (max-width: 1442px) 100vw, 1442px\" \/><\/p>\r\n<p>&nbsp;<\/p>\r\n<p><strong>\u00dcber uns:<\/strong><\/p>\r\n<p>Wir sind ein junges motiviertes Team aus derzeit drei PT und einer Rezeptionistin.<\/p>\r\n<p><strong><br \/>Timo N\u00fctzel &#8211; Inhaber<\/strong><\/p>\r\n<figure><img decoding=\"async\" src=\"https:\/\/physio-im-freiraum.de\/wp-content\/uploads\/2024\/11\/IMG_0321-1024x683.jpg\" alt=\"\" \/><\/figure>\r\n<p>Physiotherapeut<\/p>\r\n<p>&nbsp;<\/p>\r\n<p>&nbsp;<\/p>\r\n<p><strong>Daniela <\/strong><\/p>\r\n<figure><img decoding=\"async\" src=\"https:\/\/physio-im-freiraum.de\/wp-content\/uploads\/2024\/11\/IMG_0316-1024x683.jpg\" alt=\"\" \/><\/figure>\r\n<p>Physiotherapeutin<\/p>\r\n<p>&nbsp;<\/p>\r\n<p>&nbsp;<\/p>\r\n<p><strong>Cynthia <\/strong><\/p>\r\n<figure><img decoding=\"async\" src=\"https:\/\/physio-im-freiraum.de\/wp-content\/uploads\/2024\/11\/IMG_0318-1024x683.jpg\" alt=\"\" \/><\/figure>\r\n<p>Physiotherapeutin<\/p>\r\n<p>&nbsp;<\/p>\r\n<p>&nbsp;<\/p>\r\n<p><strong>Sabrina <\/strong><\/p>\r\n<figure><img decoding=\"async\" src=\"https:\/\/physio-im-freiraum.de\/wp-content\/uploads\/2024\/11\/IMG_0325-1024x683.jpg\" alt=\"\" \/><\/figure>\r\n<p>Rezeptionistin<\/p>\r\n<p>&nbsp;<\/p>\r\n<p>&nbsp;<\/p>","protected":false},"excerpt":{"rendered":"","protected":false},"author":1,"featured_media":0,"parent":0,"menu_order":0,"comment_status":"closed","ping_status":"closed","template":"","meta":{"footnotes":""},"class_list":["post-30","page","type-page","status-publish","hentry"],"_links":{"self":[{"href":"https:\/\/physio-im-freiraum.de\/index.php?rest_route=\/wp\/v2\/pages\/30","targetHints":{"allow":["GET"]}}],"collection":[{"href":"https:\/\/physio-im-freiraum.de\/index.php?rest_route=\/wp\/v2\/pages"}],"about":[{"href":"https:\/\/physio-im-freiraum.de\/index.php?rest_route=\/wp\/v2\/types\/page"}],"author":[{"embeddable":true,"href":"https:\/\/physio-im-freiraum.de\/index.php?rest_route=\/wp\/v2\/users\/1"}],"replies":[{"embeddable":true,"href":"https:\/\/physio-im-freiraum.de\/index.php?rest_route=%2Fwp%2Fv2%2Fcomments&post=30"}],"version-history":[{"count":43,"href":"https:\/\/physio-im-freiraum.de\/index.php?rest_route=\/wp\/v2\/pages\/30\/revisions"}],"predecessor-version":[{"id":266,"href":"https:\/\/physio-im-freiraum.de\/index.php?rest_route=\/wp\/v2\/pages\/30\/revisions\/266"}],"wp:attachment":[{"href":"https:\/\/physio-im-freiraum.de\/index.php?rest_route=%2Fwp%2Fv2%2Fmedia&parent=30"}],"curies":[{"name":"wp","href":"https:\/\/api.w.org\/{rel}","templated":true}]}}